{"id":136,"date":"2020-06-22T09:32:33","date_gmt":"2020-06-22T09:32:33","guid":{"rendered":"http:\/\/lydia.josadesign.nl\/?page_id=136"},"modified":"2020-07-08T13:03:05","modified_gmt":"2020-07-08T13:03:05","slug":"producten","status":"publish","type":"page","link":"https:\/\/lydia.josadesign.nl\/?page_id=136","title":{"rendered":"Producten"},"content":{"rendered":"<p>[et_pb_section fb_built=&#8221;1&#8243; _builder_version=&#8221;4.4.8&#8243; background_image=&#8221;http:\/\/lydia.josadesign.nl\/wp-content\/uploads\/2020\/06\/1200-pxbirds-flying-over-body-of-water-during-golden-hour-1126384soft.jpg&#8221; parallax=&#8221;on&#8221;][et_pb_row _builder_version=&#8221;4.4.8&#8243; custom_margin=&#8221;|auto|1px|auto||&#8221;][et_pb_column type=&#8221;4_4&#8243; _builder_version=&#8221;4.4.8&#8243;][et_pb_text _builder_version=&#8221;4.4.8&#8243;]<\/p>\n<h1>Producten<\/h1>\n<p>[\/et_pb_text][et_pb_text content_tablet=&#8221;&#8221; content_phone=&#8221;&#8221; content_last_edited=&#8221;on|phone&#8221; _builder_version=&#8221;4.4.8&#8243; text_font=&#8221;Alef||||||||&#8221; text_font_size=&#8221;19px&#8221;]<\/p>\n<p>In mijn salon maak ik gebruik van hoogwaardige\u00a0Natuurlijke Biologische Producten.<\/p>\n<p>[\/et_pb_text][\/et_pb_column][\/et_pb_row][et_pb_row _builder_version=&#8221;4.4.8&#8243;][et_pb_column type=&#8221;4_4&#8243; _builder_version=&#8221;4.4.8&#8243;][et_pb_slider _builder_version=&#8221;4.4.8&#8243;][et_pb_slide heading=&#8221;De Organic Boost &#8221; _builder_version=&#8221;4.4.8&#8243; header_font_size=&#8221;55px&#8221;][\/et_pb_slide][et_pb_slide heading=&#8221;Naturgeist &#8221; _builder_version=&#8221;4.4.8&#8243; header_font_size=&#8221;55px&#8221;][\/et_pb_slide][et_pb_slide heading=&#8221;Officina Naturae &#8221; _builder_version=&#8221;4.4.8&#8243; header_font_size=&#8221;55px&#8221;][\/et_pb_slide][et_pb_slide heading=&#8221;Pupa Milano&#8221; _builder_version=&#8221;4.4.8&#8243; header_font_size=&#8221;55px&#8221; text_orientation=&#8221;center&#8221;][\/et_pb_slide][et_pb_slide heading=&#8221;Officina Naturae &#8221; _builder_version=&#8221;4.4.8&#8243; header_font_size=&#8221;55px&#8221;][\/et_pb_slide][\/et_pb_slider][\/et_pb_column][\/et_pb_row][\/et_pb_section][et_pb_section fb_built=&#8221;1&#8243; _builder_version=&#8221;4.4.8&#8243; background_image=&#8221;http:\/\/lydia.josadesign.nl\/wp-content\/uploads\/2020\/06\/1200-pxbirds-flying-over-body-of-water-during-golden-hour-1126384soft.jpg&#8221;][et_pb_row column_structure=&#8221;1_4,3_4&#8243; _builder_version=&#8221;4.4.8&#8243; background_color=&#8221;#ffffff&#8221;][et_pb_column type=&#8221;1_4&#8243; _builder_version=&#8221;4.4.8&#8243;][et_pb_image src=&#8221;http:\/\/lydia.josadesign.nl\/wp-content\/uploads\/2020\/06\/Organic-Boots-bew.png&#8221; title_text=&#8221;Organic Boots bew&#8221; align=&#8221;center&#8221; _builder_version=&#8221;4.4.8&#8243; background_color=&#8221;#ffffff&#8221; custom_margin=&#8221;|||22px|false|false&#8221;][\/et_pb_image][\/et_pb_column][et_pb_column type=&#8221;3_4&#8243; _builder_version=&#8221;4.4.8&#8243; background_color=&#8221;#ffffff&#8221;][et_pb_text _builder_version=&#8221;4.4.8&#8243; background_color=&#8221;#ffffff&#8221; custom_margin=&#8221;|||25px|false|false&#8221; custom_padding=&#8221;|20px||16px|false|false&#8221; hover_enabled=&#8221;0&#8243;]<\/p>\n<p><strong><\/strong><\/p>\n<p><strong>Organic Boost<\/strong> producten van Zinobel passen naadloos in de filosofie van Schoonheid in\u00a0<em>Stijl.<\/em>\u00a0Zinobel is een Deense leverancier van biologische cosmetica producten. Het zijn kwalitatief hoogwaardige producten, die volledig plantaardige ingredi\u00ebnten bevatten. Er worden geen bestanddelen gebruikt die afkomstig zijn van dieren. Organic Boost is daarom ook geschikt voor gebruik door veganisten.<\/p>\n<p>Alle producten worden\u00a0ontwikkeld en geproduceerd in Denemarken. Dat de Organic Boost producten\u00a0van goede kwaliteit zijn, blijkt uit het feit dat het merk is genomineerd voor de Deense Beauty Award.<\/p>\n<p>Zinobel wil zuivere en groene producten op de markt brengen. De producten worden gekenmerkt door een zeer hoge concentratie actieve werkstoffen, die de huid voeden, beschermen en nieuwe energie geven.<\/p>\n<p>De grondstoffen die worden gebruikt voor de Organic Boost producten zijn o.a.: organische en etherische olien uit de rozebottel, granaatappel, macadamianoot, avocado, vitaminen A, C, E, plantaardige hyaluronzuur, CM beta glucan, druivenpitextract, squalaan, peptiden en nog veel meer hoogwaardige ingredi\u00ebnten.<\/p>\n<p>&nbsp;<\/p>\n<p>[\/et_pb_text][\/et_pb_column][\/et_pb_row][et_pb_row column_structure=&#8221;1_4,3_4&#8243; _builder_version=&#8221;4.4.8&#8243; background_color=&#8221;#ffffff&#8221;][et_pb_column type=&#8221;1_4&#8243; _builder_version=&#8221;4.4.8&#8243; background_color=&#8221;rgba(0,0,0,0)&#8221;][et_pb_image src=&#8221;http:\/\/lydia.josadesign.nl\/wp-content\/uploads\/2020\/06\/Naturgeist-bew.jpg&#8221; title_text=&#8221;Naturgeist bew&#8221; align=&#8221;center&#8221; _builder_version=&#8221;4.4.8&#8243; background_color=&#8221;#ffffff&#8221;][\/et_pb_image][\/et_pb_column][et_pb_column type=&#8221;3_4&#8243; _builder_version=&#8221;4.4.8&#8243;][et_pb_text _builder_version=&#8221;4.4.8&#8243; background_color=&#8221;#ffffff&#8221; custom_margin=&#8221;|||25px|false|false&#8221; custom_padding=&#8221;|20px||15px|false|false&#8221;]<\/p>\n<p><strong><\/strong><\/p>\n<p><strong>Naturgeist<\/strong> biedt een uitgebreide en complete lijn aan natuurlijke cosmetica producten. Voor alle huidtypen (droog, normaal, vet, gevoelig, ouder en jonger) zijn speciale cr\u00e8mes verkrijgbaar.\u00a0Het zijn fijne en betaalbare producten die de huid zichtbaar mooier maken.<\/p>\n<p>Zoals de naam al aangeeft wordt bij de ontwikkeling van producten uitgegaan van natuurlijke en biologische bestanddelen, zoals bijenhoning en extracten van geneeskrachtige kruiden. Zo bevatten veel producten krachtige voedingsingredi\u00ebnten als amandel, avocado-olie, bijenhoning, kamille, duizendblad, perzikpit, macadamia, allanto\u00efne, urea, sinaasappelbloessem en vitaminen A, C en E.<\/p>\n<p>De producent van Naturgeist is Hagina. Het is een Duits bedrijf, dat sinds 1955 bestaat. Het is gevestigd in Beieren aan de voet van de Alpen in de buurt van Garmisch Partenkirchen. Hagina is lid van de IHTK Internationale Hersteller Tiersch\u00fatz. Dat betekent dat Hagina werkt volgens de regels van de bond en bij de ontwikkeling van nieuwe producten geen gebruik maakt van dierproeven.<\/p>\n<p>&nbsp;<\/p>\n<p>[\/et_pb_text][\/et_pb_column][\/et_pb_row][et_pb_row column_structure=&#8221;1_4,3_4&#8243; _builder_version=&#8221;4.4.8&#8243; background_color=&#8221;#ffffff&#8221;][et_pb_column type=&#8221;1_4&#8243; _builder_version=&#8221;4.4.8&#8243;][et_pb_image src=&#8221;http:\/\/lydia.josadesign.nl\/wp-content\/uploads\/2020\/06\/Officina-naturaebewkopie.jpg&#8221; title_text=&#8221;Officina naturaebewkopie&#8221; align=&#8221;center&#8221; _builder_version=&#8221;4.4.8&#8243;][\/et_pb_image][\/et_pb_column][et_pb_column type=&#8221;3_4&#8243; _builder_version=&#8221;4.4.8&#8243;][et_pb_text _builder_version=&#8221;4.4.8&#8243; custom_margin=&#8221;|||25px|false|false&#8221; custom_padding=&#8221;|20px||15px|false|false&#8221;]<\/p>\n<p><strong>Officina Naturae<\/strong> is een Italiaanse producent van o.a. cosmetica, oli\u00ebn en zonnecr\u00e8mes. Zij maken zoveel mogelijk gebruik van lokale, biologische fairtrade ingredi\u00ebnten. De cr\u00e8mes en zonneproducten zijn ICEA gecertificeerd. ICEA is een instituut, dat normen voor natuurlijke biologische cosmetica producten heeft vastgelegd en die ook bewaakt door regelmatig bezoek te brengen aan de fabrieken waar de cr\u00e8mes worden geproduceerd.<\/p>\n<p>De cr\u00e8mes bevatten waardevolle phyto complexen en zijn rijk aan geconcentreerde emulsies voor ieder huidtype. In de cr\u00e8mes wordt gebruik gemaakt van krachtige natuurlijke ingredi\u00ebnten als rucula, zwarte bessen, calendula, heermoes, granaatappel en berendruif. Daarnaast worden in veel cr\u00e8mes vier bio-actieve oli\u00ebn verwerkt van olijf, amandel, borage en lijnzaad.<\/p>\n<p>De cr\u00e8mes hebben een voedende en hydraterende werking. Ze bevatten innovatieve probiotica en zijn geschikt voor elk huidtype, ook voor de oudere en problematische huid.<\/p>\n<p>De zonnecr\u00e8me van Officina Naturae heeft alleen natuurlijke en minerale filters. De cr\u00e8mes zijn verrijkt met het kweepeer extract, waardoor de huid niet wit wordt en zijn geschikt voor elk type huid en voor elk moment van de dag. De zonneproducten zijn getest in het laboratorium en bevatten de juiste UVA en UVB filters om de huid te beschermen en toch mooi bruin te worden. Ze bevatten geen parfum, waardoor er geen gevoeligheden of allergische reacties kunnen ontstaan. Officina Naturae zonnecr\u00e8mes zijn geschikt voor iedereen die op een verantwoorde manier van de zon wil genieten!<\/p>\n<p>[\/et_pb_text][\/et_pb_column][\/et_pb_row][et_pb_row column_structure=&#8221;1_4,3_4&#8243; _builder_version=&#8221;4.4.8&#8243; background_color=&#8221;#ffffff&#8221;][et_pb_column type=&#8221;1_4&#8243; _builder_version=&#8221;4.4.8&#8243;][et_pb_image src=&#8221;http:\/\/lydia.josadesign.nl\/wp-content\/uploads\/2020\/06\/Pupa-Milano-bew.jpg&#8221; title_text=&#8221;Pupa Milano bew&#8221; align=&#8221;center&#8221; _builder_version=&#8221;4.4.8&#8243;][\/et_pb_image][\/et_pb_column][et_pb_column type=&#8221;3_4&#8243; _builder_version=&#8221;4.4.8&#8243;][et_pb_text _builder_version=&#8221;4.4.8&#8243; custom_margin=&#8221;|||25px|false|false&#8221; custom_padding=&#8221;|25px||15px|false|false&#8221;]<\/p>\n<p>Voor de visagie werk ik nog met het Italiaanse merk <strong>Pupa Milano<\/strong>. Dit merk is inmiddels wereldwijd bekend. De make-up heeft een hoog pigmentgehalte, dat zorgt voor een langdurig resultaat. Daarnaast maakt Pupa gebruik van veel natuurlijke producten, hypoallergeen, en tevens zijn de producten van Pupa niet op dieren getest. Ook zijn de producten geschikt voor elk huidtype. <br \/>Daarnaast is Pupa altijd bezig met de nieuwste technology, en innovatie. Kortom, Pupa is make-up en huidverzorging van hoge kwaliteit.<\/p>\n<p>[\/et_pb_text][\/et_pb_column][\/et_pb_row][\/et_pb_section]<\/p>\n","protected":false},"excerpt":{"rendered":"<p>[et_pb_section fb_built=&#8221;1&#8243; _builder_version=&#8221;4.4.8&#8243; background_image=&#8221;http:\/\/lydia.josadesign.nl\/wp-content\/uploads\/2020\/06\/1200-pxbirds-flying-over-body-of-water-during-golden-hour-1126384soft.jpg&#8221; parallax=&#8221;on&#8221;][et_pb_row _builder_version=&#8221;4.4.8&#8243; custom_margin=&#8221;|auto|1px|auto||&#8221;][et_pb_column type=&#8221;4_4&#8243; _builder_version=&#8221;4.4.8&#8243;][et_pb_text _builder_version=&#8221;4.4.8&#8243;] Producten [\/et_pb_text][et_pb_text content_tablet=&#8221;&#8221; content_phone=&#8221;&#8221; content_last_edited=&#8221;on|phone&#8221; _builder_version=&#8221;4.4.8&#8243; text_font=&#8221;Alef||||||||&#8221; text_font_size=&#8221;19px&#8221;] In mijn salon maak ik gebruik van hoogwaardige\u00a0Natuurlijke Biologische Producten. [\/et_pb_text][\/et_pb_column][\/et_pb_row][et_pb_row _builder_version=&#8221;4.4.8&#8243;][et_pb_column type=&#8221;4_4&#8243; _builder_version=&#8221;4.4.8&#8243;][et_pb_slider _builder_version=&#8221;4.4.8&#8243;][et_pb_slide heading=&#8221;De Organic Boost &#8221; _builder_version=&#8221;4.4.8&#8243; header_font_size=&#8221;55px&#8221;][\/et_pb_slide][et_pb_slide heading=&#8221;Naturgeist &#8221; _builder_version=&#8221;4.4.8&#8243; header_font_size=&#8221;55px&#8221;][\/et_pb_slide][et_pb_slide heading=&#8221;Officina Naturae &#8221; _builder_version=&#8221;4.4.8&#8243; header_font_size=&#8221;55px&#8221;][\/et_pb_slide][et_pb_slide heading=&#8221;Pupa Milano&#8221; _builder_version=&#8221;4.4.8&#8243; header_font_size=&#8221;55px&#8221; text_orientation=&#8221;center&#8221;][\/et_pb_slide][et_pb_slide heading=&#8221;Officina Naturae [&hellip;]<\/p>\n","protected":false},"author":1,"featured_media":0,"parent":0,"menu_order":0,"comment_status":"closed","ping_status":"closed","template":"","meta":{"_et_pb_use_builder":"on","_et_pb_old_content":"","_et_gb_content_width":"","footnotes":""},"yoast_head":"<!-- This site is optimized with the Yoast SEO plugin v22.8 - https:\/\/yoast.com\/wordpress\/plugins\/seo\/ -->\n<title>Producten - Natural Beauty By Lydia<\/title>\n<meta name=\"robots\" content=\"index, follow, max-snippet:-1, max-image-preview:large, max-video-preview:-1\" \/>\n<link rel=\"canonical\" href=\"https:\/\/lydia.josadesign.nl\/?page_id=136\" \/>\n<meta property=\"og:locale\" content=\"nl_NL\" \/>\n<meta property=\"og:type\" content=\"article\" \/>\n<meta property=\"og:title\" content=\"Producten - Natural Beauty By Lydia\" \/>\n<meta property=\"og:description\" content=\"[et_pb_section fb_built=&#8221;1&#8243; _builder_version=&#8221;4.4.8&#8243; background_image=&#8221;http:\/\/lydia.josadesign.nl\/wp-content\/uploads\/2020\/06\/1200-pxbirds-flying-over-body-of-water-during-golden-hour-1126384soft.jpg&#8221; parallax=&#8221;on&#8221;][et_pb_row _builder_version=&#8221;4.4.8&#8243; custom_margin=&#8221;|auto|1px|auto||&#8221;][et_pb_column type=&#8221;4_4&#8243; _builder_version=&#8221;4.4.8&#8243;][et_pb_text _builder_version=&#8221;4.4.8&#8243;] Producten [\/et_pb_text][et_pb_text content_tablet=&#8221;&#8221; content_phone=&#8221;&#8221; content_last_edited=&#8221;on|phone&#8221; _builder_version=&#8221;4.4.8&#8243; text_font=&#8221;Alef||||||||&#8221; text_font_size=&#8221;19px&#8221;] In mijn salon maak ik gebruik van hoogwaardige\u00a0Natuurlijke Biologische Producten. [\/et_pb_text][\/et_pb_column][\/et_pb_row][et_pb_row _builder_version=&#8221;4.4.8&#8243;][et_pb_column type=&#8221;4_4&#8243; _builder_version=&#8221;4.4.8&#8243;][et_pb_slider _builder_version=&#8221;4.4.8&#8243;][et_pb_slide heading=&#8221;De Organic Boost &#8221; _builder_version=&#8221;4.4.8&#8243; header_font_size=&#8221;55px&#8221;][\/et_pb_slide][et_pb_slide heading=&#8221;Naturgeist &#8221; _builder_version=&#8221;4.4.8&#8243; header_font_size=&#8221;55px&#8221;][\/et_pb_slide][et_pb_slide heading=&#8221;Officina Naturae &#8221; _builder_version=&#8221;4.4.8&#8243; header_font_size=&#8221;55px&#8221;][\/et_pb_slide][et_pb_slide heading=&#8221;Pupa Milano&#8221; _builder_version=&#8221;4.4.8&#8243; header_font_size=&#8221;55px&#8221; text_orientation=&#8221;center&#8221;][\/et_pb_slide][et_pb_slide heading=&#8221;Officina Naturae [&hellip;]\" \/>\n<meta property=\"og:url\" content=\"https:\/\/lydia.josadesign.nl\/?page_id=136\" \/>\n<meta property=\"og:site_name\" content=\"Natural Beauty By Lydia\" \/>\n<meta property=\"article:modified_time\" content=\"2020-07-08T13:03:05+00:00\" \/>\n<meta name=\"twitter:card\" content=\"summary_large_image\" \/>\n<meta name=\"twitter:label1\" content=\"Geschatte leestijd\" \/>\n\t<meta name=\"twitter:data1\" content=\"6 minuten\" \/>\n<script type=\"application\/ld+json\" class=\"yoast-schema-graph\">{\"@context\":\"https:\/\/schema.org\",\"@graph\":[{\"@type\":\"WebPage\",\"@id\":\"https:\/\/lydia.josadesign.nl\/?page_id=136\",\"url\":\"https:\/\/lydia.josadesign.nl\/?page_id=136\",\"name\":\"Producten - Natural Beauty By Lydia\",\"isPartOf\":{\"@id\":\"https:\/\/lydia.josadesign.nl\/#website\"},\"datePublished\":\"2020-06-22T09:32:33+00:00\",\"dateModified\":\"2020-07-08T13:03:05+00:00\",\"breadcrumb\":{\"@id\":\"https:\/\/lydia.josadesign.nl\/?page_id=136#breadcrumb\"},\"inLanguage\":\"nl-NL\",\"potentialAction\":[{\"@type\":\"ReadAction\",\"target\":[\"https:\/\/lydia.josadesign.nl\/?page_id=136\"]}]},{\"@type\":\"BreadcrumbList\",\"@id\":\"https:\/\/lydia.josadesign.nl\/?page_id=136#breadcrumb\",\"itemListElement\":[{\"@type\":\"ListItem\",\"position\":1,\"name\":\"Home\",\"item\":\"https:\/\/lydia.josadesign.nl\/\"},{\"@type\":\"ListItem\",\"position\":2,\"name\":\"Producten\"}]},{\"@type\":\"WebSite\",\"@id\":\"https:\/\/lydia.josadesign.nl\/#website\",\"url\":\"https:\/\/lydia.josadesign.nl\/\",\"name\":\"Natural Beauty By Lydia\",\"description\":\"Schoonheids specialist\",\"potentialAction\":[{\"@type\":\"SearchAction\",\"target\":{\"@type\":\"EntryPoint\",\"urlTemplate\":\"https:\/\/lydia.josadesign.nl\/?s={search_term_string}\"},\"query-input\":\"required name=search_term_string\"}],\"inLanguage\":\"nl-NL\"}]}<\/script>\n<!-- \/ Yoast SEO plugin. -->","yoast_head_json":{"title":"Producten - Natural Beauty By Lydia","robots":{"index":"index","follow":"follow","max-snippet":"max-snippet:-1","max-image-preview":"max-image-preview:large","max-video-preview":"max-video-preview:-1"},"canonical":"https:\/\/lydia.josadesign.nl\/?page_id=136","og_locale":"nl_NL","og_type":"article","og_title":"Producten - Natural Beauty By Lydia","og_description":"[et_pb_section fb_built=&#8221;1&#8243; _builder_version=&#8221;4.4.8&#8243; background_image=&#8221;http:\/\/lydia.josadesign.nl\/wp-content\/uploads\/2020\/06\/1200-pxbirds-flying-over-body-of-water-during-golden-hour-1126384soft.jpg&#8221; parallax=&#8221;on&#8221;][et_pb_row _builder_version=&#8221;4.4.8&#8243; custom_margin=&#8221;|auto|1px|auto||&#8221;][et_pb_column type=&#8221;4_4&#8243; _builder_version=&#8221;4.4.8&#8243;][et_pb_text _builder_version=&#8221;4.4.8&#8243;] Producten [\/et_pb_text][et_pb_text content_tablet=&#8221;&#8221; content_phone=&#8221;&#8221; content_last_edited=&#8221;on|phone&#8221; _builder_version=&#8221;4.4.8&#8243; text_font=&#8221;Alef||||||||&#8221; text_font_size=&#8221;19px&#8221;] In mijn salon maak ik gebruik van hoogwaardige\u00a0Natuurlijke Biologische Producten. [\/et_pb_text][\/et_pb_column][\/et_pb_row][et_pb_row _builder_version=&#8221;4.4.8&#8243;][et_pb_column type=&#8221;4_4&#8243; _builder_version=&#8221;4.4.8&#8243;][et_pb_slider _builder_version=&#8221;4.4.8&#8243;][et_pb_slide heading=&#8221;De Organic Boost &#8221; _builder_version=&#8221;4.4.8&#8243; header_font_size=&#8221;55px&#8221;][\/et_pb_slide][et_pb_slide heading=&#8221;Naturgeist &#8221; _builder_version=&#8221;4.4.8&#8243; header_font_size=&#8221;55px&#8221;][\/et_pb_slide][et_pb_slide heading=&#8221;Officina Naturae &#8221; _builder_version=&#8221;4.4.8&#8243; header_font_size=&#8221;55px&#8221;][\/et_pb_slide][et_pb_slide heading=&#8221;Pupa Milano&#8221; _builder_version=&#8221;4.4.8&#8243; header_font_size=&#8221;55px&#8221; text_orientation=&#8221;center&#8221;][\/et_pb_slide][et_pb_slide heading=&#8221;Officina Naturae [&hellip;]","og_url":"https:\/\/lydia.josadesign.nl\/?page_id=136","og_site_name":"Natural Beauty By Lydia","article_modified_time":"2020-07-08T13:03:05+00:00","twitter_card":"summary_large_image","twitter_misc":{"Geschatte leestijd":"6 minuten"},"schema":{"@context":"https:\/\/schema.org","@graph":[{"@type":"WebPage","@id":"https:\/\/lydia.josadesign.nl\/?page_id=136","url":"https:\/\/lydia.josadesign.nl\/?page_id=136","name":"Producten - Natural Beauty By Lydia","isPartOf":{"@id":"https:\/\/lydia.josadesign.nl\/#website"},"datePublished":"2020-06-22T09:32:33+00:00","dateModified":"2020-07-08T13:03:05+00:00","breadcrumb":{"@id":"https:\/\/lydia.josadesign.nl\/?page_id=136#breadcrumb"},"inLanguage":"nl-NL","potentialAction":[{"@type":"ReadAction","target":["https:\/\/lydia.josadesign.nl\/?page_id=136"]}]},{"@type":"BreadcrumbList","@id":"https:\/\/lydia.josadesign.nl\/?page_id=136#breadcrumb","itemListElement":[{"@type":"ListItem","position":1,"name":"Home","item":"https:\/\/lydia.josadesign.nl\/"},{"@type":"ListItem","position":2,"name":"Producten"}]},{"@type":"WebSite","@id":"https:\/\/lydia.josadesign.nl\/#website","url":"https:\/\/lydia.josadesign.nl\/","name":"Natural Beauty By Lydia","description":"Schoonheids specialist","potentialAction":[{"@type":"SearchAction","target":{"@type":"EntryPoint","urlTemplate":"https:\/\/lydia.josadesign.nl\/?s={search_term_string}"},"query-input":"required name=search_term_string"}],"inLanguage":"nl-NL"}]}},"_links":{"self":[{"href":"https:\/\/lydia.josadesign.nl\/index.php?rest_route=\/wp\/v2\/pages\/136"}],"collection":[{"href":"https:\/\/lydia.josadesign.nl\/index.php?rest_route=\/wp\/v2\/pages"}],"about":[{"href":"https:\/\/lydia.josadesign.nl\/index.php?rest_route=\/wp\/v2\/types\/page"}],"author":[{"embeddable":true,"href":"https:\/\/lydia.josadesign.nl\/index.php?rest_route=\/wp\/v2\/users\/1"}],"replies":[{"embeddable":true,"href":"https:\/\/lydia.josadesign.nl\/index.php?rest_route=%2Fwp%2Fv2%2Fcomments&post=136"}],"version-history":[{"count":27,"href":"https:\/\/lydia.josadesign.nl\/index.php?rest_route=\/wp\/v2\/pages\/136\/revisions"}],"predecessor-version":[{"id":554,"href":"https:\/\/lydia.josadesign.nl\/index.php?rest_route=\/wp\/v2\/pages\/136\/revisions\/554"}],"wp:attachment":[{"href":"https:\/\/lydia.josadesign.nl\/index.php?rest_route=%2Fwp%2Fv2%2Fmedia&parent=136"}],"curies":[{"name":"wp","href":"https:\/\/api.w.org\/{rel}","templated":true}]}}